{"id":6897,"date":"2020-11-18T02:21:48","date_gmt":"2020-11-18T02:21:48","guid":{"rendered":"https:\/\/animekeycaps.com\/?page_id=6897"},"modified":"2020-12-01T17:59:04","modified_gmt":"2020-12-01T17:59:04","slug":"sitemap","status":"publish","type":"page","link":"https:\/\/animekeycaps.com\/vi\/so-do-trang-web\/","title":{"rendered":"S\u01a1 \u0111\u1ed3 trang web"},"content":{"rendered":"<div data-elementor-type=\"wp-page\" data-elementor-id=\"6897\" class=\"elementor elementor-6897\" data-elementor-post-type=\"page\">\n\t\t\t\t\t\t<section class=\"elementor-section elementor-top-section elementor-element elementor-element-93b62ec elementor-section-boxed elementor-section-height-default elementor-section-height-default\" data-id=\"93b62ec\" data-element_type=\"section\">\n\t\t\t\t\t\t<div class=\"elementor-container elementor-column-gap-default\">\n\t\t\t\t\t<div class=\"elementor-column elementor-col-100 elementor-top-column elementor-element elementor-element-6c7b558\" data-id=\"6c7b558\" data-element_type=\"column\">\n\t\t\t<div class=\"elementor-widget-wrap elementor-element-populated\">\n\t\t\t\t\t\t<section class=\"elementor-section elementor-inner-section elementor-element elementor-element-c848b3c elementor-section-boxed elementor-section-height-default elementor-section-height-default\" data-id=\"c848b3c\" data-element_type=\"section\">\n\t\t\t\t\t\t<div class=\"elementor-container elementor-column-gap-default\">\n\t\t\t\t\t<div class=\"elementor-column elementor-col-100 elementor-inner-column elementor-element elementor-element-dd075ba\" data-id=\"dd075ba\" data-element_type=\"column\">\n\t\t\t<div class=\"elementor-widget-wrap elementor-element-populated\">\n\t\t\t\t\t\t<div class=\"elementor-element elementor-element-8c92c8d elementor-widget elementor-widget-heading\" data-id=\"8c92c8d\" data-element_type=\"widget\" data-widget_type=\"heading.default\">\n\t\t\t\t<div class=\"elementor-widget-container\">\n\t\t\t<h1 class=\"elementor-heading-title elementor-size-default\">S\u01a1 \u0111\u1ed3 trang web<\/h1>\t\t<\/div>\n\t\t\t\t<\/div>\n\t\t\t\t\t<\/div>\n\t\t<\/div>\n\t\t\t\t\t<\/div>\n\t\t<\/section>\n\t\t\t\t<div class=\"elementor-element elementor-element-89f08e0 elementor-widget-divider--view-line elementor-widget elementor-widget-divider\" data-id=\"89f08e0\" data-element_type=\"widget\" data-widget_type=\"divider.default\">\n\t\t\t\t<div class=\"elementor-widget-container\">\n\t\t\t\t\t<div class=\"elementor-divider\">\n\t\t\t<span class=\"elementor-divider-separator\">\n\t\t\t\t\t\t<\/span>\n\t\t<\/div>\n\t\t\t\t<\/div>\n\t\t\t\t<\/div>\n\t\t\t\t<div class=\"elementor-element elementor-element-6a04cf2 elementor-widget elementor-widget-sitemap\" data-id=\"6a04cf2\" data-element_type=\"widget\" data-widget_type=\"sitemap.default\">\n\t\t\t\t<div class=\"elementor-widget-container\">\n\t\t\t<div class=\"elementor-sitemap-wrap\"><div class=\"elementor-sitemap-section\"><h2 class=\"elementor-sitemap-title elementor-sitemap-page-title\">C\u00e1c trang<\/h2><ul class=\"elementor-sitemap-list elementor-sitemap-page-list\"><li class=\"elementor-sitemap-item elementor-sitemap-item-page page_item page-item-1004\"><a href=\"https:\/\/animekeycaps.com\/vi\/ve\/\">V\u1ec1<\/a><\/li><li class=\"elementor-sitemap-item elementor-sitemap-item-page page_item page-item-10439\"><a href=\"https:\/\/animekeycaps.com\/vi\/ve-chung-toi\/\">V\u1ec1 ch\u00fang t\u00f4i<\/a><\/li><li class=\"elementor-sitemap-item elementor-sitemap-item-page page_item page-item-126 current_page_parent\"><a href=\"https:\/\/animekeycaps.com\/vi\/blog\/\">Blog<\/a><\/li><li class=\"elementor-sitemap-item elementor-sitemap-item-page page_item page-item-10430\"><a href=\"https:\/\/animekeycaps.com\/vi\/ca-sb657-chuoi-cung-ung-minh-bach-hanh-dong\/\">CA SB657: \u0110\u1ea1o lu\u1eadt minh b\u1ea1ch chu\u1ed7i cung \u1ee9ng<\/a><\/li><li class=\"elementor-sitemap-item elementor-sitemap-item-page page_item page-item-7\"><a href=\"https:\/\/animekeycaps.com\/vi\/cart\/\">Xe \u0111\u1ea9y<\/a><\/li><li class=\"elementor-sitemap-item elementor-sitemap-item-page page_item page-item-8\"><a href=\"https:\/\/animekeycaps.com\/vi\/checkout\/\">Th\u1ee7 t\u1ee5c thanh to\u00e1n<\/a><\/li><li class=\"elementor-sitemap-item elementor-sitemap-item-page page_item page-item-1132\"><a href=\"https:\/\/animekeycaps.com\/vi\/lien-he-chung-toi\/\">Li\u00ean h\u1ec7 ch\u00fang t\u00f4i<\/a><\/li><li class=\"elementor-sitemap-item elementor-sitemap-item-page page_item page-item-1002\"><a href=\"https:\/\/animekeycaps.com\/vi\/tro-giup-khach-hang\/\">Tr\u1ee3 gi\u00fap kh\u00e1ch h\u00e0ng<\/a><\/li><li class=\"elementor-sitemap-item elementor-sitemap-item-page page_item page-item-6907\"><a href=\"https:\/\/animekeycaps.com\/vi\/thiet-ke-cua-rieng-ban-tuy-chinh-quan-ao-hang-hoa\/\">Thi\u1ebft k\u1ebf qu\u1ea7n \u00e1o &amp; h\u00e0ng h\u00f3a t\u00f9y ch\u1ec9nh c\u1ee7a ri\u00eang b\u1ea1n<\/a><\/li><li class=\"elementor-sitemap-item elementor-sitemap-item-page page_item page-item-10431\"><a href=\"https:\/\/animekeycaps.com\/vi\/dmca-copyright-policy\/\">DMCA - Ch\u00ednh s\u00e1ch B\u1ea3n quy\u1ec1n<\/a><\/li><li class=\"elementor-sitemap-item elementor-sitemap-item-page page_item page-item-6508\"><a href=\"https:\/\/animekeycaps.com\/vi\/\">Nh\u00e0<\/a><\/li><li class=\"elementor-sitemap-item elementor-sitemap-item-page page_item page-item-7616\"><a href=\"https:\/\/animekeycaps.com\/vi\/maintainance-mode\/\">Ch\u1ebf \u0111\u1ed9 b\u1ea3o tr\u00ec<\/a><\/li><li class=\"elementor-sitemap-item elementor-sitemap-item-page page_item page-item-9\"><a href=\"https:\/\/animekeycaps.com\/vi\/my-account\/\">T\u00e0i kho\u1ea3n c\u1ee7a t\u00f4i<\/a><\/li><li class=\"elementor-sitemap-item elementor-sitemap-item-page page_item page-item-7471\"><a href=\"https:\/\/animekeycaps.com\/vi\/cua-hang-theo-the-loai\/\">B\u1ed9 s\u01b0u t\u1eadp c\u1ee7a ch\u00fang t\u00f4i<\/a><\/li><li class=\"elementor-sitemap-item elementor-sitemap-item-page page_item page-item-10418\"><a href=\"https:\/\/animekeycaps.com\/vi\/dieu-khoan-thanh-toan\/\">\u0110i\u1ec1u kho\u1ea3n thanh to\u00e1n<\/a><\/li><li class=\"elementor-sitemap-item elementor-sitemap-item-page page_item page-item-7549\"><a href=\"https:\/\/animekeycaps.com\/vi\/ca-nhan-hoa-don-dat-hang-xac-nhan\/\">X\u00e1c nh\u1eadn \u0111\u01a1n h\u00e0ng \u0111\u01b0\u1ee3c c\u00e1 nh\u00e2n h\u00f3a<\/a><\/li><li class=\"elementor-sitemap-item elementor-sitemap-item-page page_item page-item-10433\"><a href=\"https:\/\/animekeycaps.com\/vi\/chinh-sach-bao-mat\/\">Ch\u00ednh s\u00e1ch quy\u1ec1n ri\u00eang t\u01b0<\/a><\/li><li class=\"elementor-sitemap-item elementor-sitemap-item-page page_item page-item-10417\"><a href=\"https:\/\/animekeycaps.com\/vi\/chinh-sach-tra-lai-hoan-lai-tien\/\">Ch\u00ednh s\u00e1ch Tr\u1ea3 l\u1ea1i &amp; Ho\u00e0n l\u1ea1i ti\u1ec1n<\/a><\/li><li class=\"elementor-sitemap-item elementor-sitemap-item-page page_item page-item-10419\"><a href=\"https:\/\/animekeycaps.com\/vi\/chinh-sach-van-chuyen-giao-hang\/\">Ch\u00ednh s\u00e1ch V\u1eadn chuy\u1ec3n &amp; Giao h\u00e0ng<\/a><\/li><li class=\"elementor-sitemap-item elementor-sitemap-item-page page_item page-item-6\"><a href=\"https:\/\/animekeycaps.com\/vi\/shop\/\">C\u1eeda h\u00e0ng<\/a><\/li><li class=\"elementor-sitemap-item elementor-sitemap-item-page page_item page-item-7473\"><a href=\"https:\/\/animekeycaps.com\/vi\/cua-hang-theo-tung-ky-tu\/\">Mua s\u1eafm theo nh\u00e2n v\u1eadt<\/a><\/li><li class=\"elementor-sitemap-item elementor-sitemap-item-page page_item page-item-6897\"><a href=\"https:\/\/animekeycaps.com\/vi\/so-do-trang-web\/\">S\u01a1 \u0111\u1ed3 trang web<\/a><\/li><li class=\"elementor-sitemap-item elementor-sitemap-item-page page_item page-item-10432\"><a href=\"https:\/\/animekeycaps.com\/vi\/dieu-khoan-va-dieu-kien\/\">\u0110i\u1ec1u kho\u1ea3n v\u00e0 \u0111i\u1ec1u ki\u1ec7n<\/a><\/li><li class=\"elementor-sitemap-item elementor-sitemap-item-page page_item page-item-10485\"><a href=\"https:\/\/animekeycaps.com\/vi\/theo-doi-don-dat-hang\/\">Theo d\u00f5i \u0111\u01a1n h\u00e0ng<\/a><\/li><li class=\"elementor-sitemap-item elementor-sitemap-item-page page_item page-item-6968\"><a href=\"https:\/\/animekeycaps.com\/vi\/ban-si\/\">B\u00e1n s\u1ec9<\/a><\/li><li class=\"elementor-sitemap-item elementor-sitemap-item-page page_item page-item-7079\"><a href=\"https:\/\/animekeycaps.com\/vi\/mon-qua-mien-phi\/\">\ud83c\udf81 Tr\u1ea3 th\u00f9 Virus b\u1eb1ng m\u1eb7t n\u1ea1 MI\u1ec4N PH\u00cd<\/a><\/li><\/ul><\/div><div class=\"elementor-sitemap-section\"><h2 class=\"elementor-sitemap-title elementor-sitemap-post-title\">B\u00e0i \u0111\u0103ng tr\u00ean blog<\/h2><ul class=\"elementor-sitemap-list elementor-sitemap-post-list\"><li class=\"elementor-sitemap-item elementor-sitemap-item-post page_item page-item-20538\"><a href=\"https:\/\/animekeycaps.com\/vi\/find-your-perfect-fit-at-the-gmkkeycap-shop-where-style-meets-function\/\">Find Your Perfect Fit at the GMKKeycap Shop \u2013 Where Style Meets Function<\/a><\/li><li class=\"elementor-sitemap-item elementor-sitemap-item-post page_item page-item-11419\"><a href=\"https:\/\/animekeycaps.com\/vi\/some-popular-keycap-collections-you-should-know\/\">Some popular Keycap Collections you should know<\/a><\/li><li class=\"elementor-sitemap-item elementor-sitemap-item-post page_item page-item-10696\"><a href=\"https:\/\/animekeycaps.com\/vi\/the-5-awesome-anime-keycaps-for-your-computer\/\">The 5 Awesome Anime Keycaps for Your Computer<\/a><\/li><li class=\"elementor-sitemap-item elementor-sitemap-item-post page_item page-item-10558\"><a href=\"https:\/\/animekeycaps.com\/vi\/nhung-dieu-can-can-nhac-khi-mua-an-anime-keycaps\/\">Nh\u1eefng \u0111i\u1ec1u c\u1ea7n c\u00e2n nh\u1eafc khi mua m\u1ed9t keycaps Anime<\/a><\/li><li class=\"elementor-sitemap-item elementor-sitemap-item-post page_item page-item-11473\"><a href=\"https:\/\/animekeycaps.com\/vi\/use-the-pokemon-keycap-to-release-your-inner-pokemon-trainer\/\">Use the Pok\u00e9mon Keycap to Release Your Inner Pok\u00e9mon Trainer<\/a><\/li><li class=\"elementor-sitemap-item elementor-sitemap-item-post page_item page-item-10574\"><a href=\"https:\/\/animekeycaps.com\/vi\/gi-do-nghe-nhan-keycaps-co-nghia-la\/\">Ngh\u1ec7 nh\u00e2n Keycaps c\u00f3 ngh\u0129a l\u00e0 g\u00ec?<\/a><\/li><\/ul><\/div><div class=\"elementor-sitemap-section\"><h2 class=\"elementor-sitemap-title elementor-sitemap-product_cat-title\">Danh m\u1ee5c s\u1ea3n ph\u1ea9m<\/h2><ul class=\"elementor-sitemap-list elementor-sitemap-product_cat-list\">\t<li class=\"elementor-sitemap-item elementor-sitemap-item-product_cat cat-item cat-item-186\"><a href=\"https:\/\/animekeycaps.com\/vi\/collections\/ahegao-keycaps\/\">Ahegao Keycaps<\/a>\n<\/li>\n\t<li class=\"elementor-sitemap-item elementor-sitemap-item-product_cat cat-item cat-item-786\"><a href=\"https:\/\/animekeycaps.com\/vi\/collections\/anime-keycaps\/\">Anime Keycaps<\/a>\n<\/li>\n\t<li class=\"elementor-sitemap-item elementor-sitemap-item-product_cat cat-item cat-item-163\"><a href=\"https:\/\/animekeycaps.com\/vi\/collections\/attack-on-titan-keycaps\/\">T\u1ea5n c\u00f4ng v\u00e0o Titan Keycaps<\/a>\n<\/li>\n\t<li class=\"elementor-sitemap-item elementor-sitemap-item-product_cat cat-item cat-item-200\"><a href=\"https:\/\/animekeycaps.com\/vi\/collections\/berserk-keycaps\/\">Berserk Keycaps<\/a>\n<\/li>\n\t<li class=\"elementor-sitemap-item elementor-sitemap-item-product_cat cat-item cat-item-178\"><a href=\"https:\/\/animekeycaps.com\/vi\/collections\/thuoc-tay-keycaps\/\">Bleach Keycaps<\/a>\n<\/li>\n\t<li class=\"elementor-sitemap-item elementor-sitemap-item-product_cat cat-item cat-item-219\"><a href=\"https:\/\/animekeycaps.com\/vi\/collections\/cardcaptor-sakura-keycaps\/\">Cardcaptor Sakura Keycaps<\/a>\n<\/li>\n\t<li class=\"elementor-sitemap-item elementor-sitemap-item-product_cat cat-item cat-item-169\"><a href=\"https:\/\/animekeycaps.com\/vi\/collections\/devil-slayer-keycaps\/\">Keycaps c\u1ee7a Demon Slayer<\/a>\n<\/li>\n\t<li class=\"elementor-sitemap-item elementor-sitemap-item-product_cat cat-item cat-item-192\"><a href=\"https:\/\/animekeycaps.com\/vi\/collections\/digimon-keycaps\/\">Digimon Keycaps<\/a>\n<\/li>\n\t<li class=\"elementor-sitemap-item elementor-sitemap-item-product_cat cat-item cat-item-160\"><a href=\"https:\/\/animekeycaps.com\/vi\/collections\/dragon-ball-keycaps\/\">Dragon Ball Keycaps<\/a>\n<\/li>\n\t<li class=\"elementor-sitemap-item elementor-sitemap-item-product_cat cat-item cat-item-787\"><a href=\"https:\/\/animekeycaps.com\/vi\/collections\/ep\/\">EP<\/a>\n<\/li>\n\t<li class=\"elementor-sitemap-item elementor-sitemap-item-product_cat cat-item cat-item-193\"><a href=\"https:\/\/animekeycaps.com\/vi\/collections\/evangelion-keycaps\/\">Evangelion Keycaps<\/a>\n<\/li>\n\t<li class=\"elementor-sitemap-item elementor-sitemap-item-product_cat cat-item cat-item-156\"><a href=\"https:\/\/animekeycaps.com\/vi\/collections\/genshin-tac-dong-keycaps\/\">Genshin Impact Keycaps<\/a>\n<\/li>\n\t<li class=\"elementor-sitemap-item elementor-sitemap-item-product_cat cat-item cat-item-232\"><a href=\"https:\/\/animekeycaps.com\/vi\/collections\/ghibli-keycaps\/\">Ghibli Keycaps<\/a>\n<\/li>\n\t<li class=\"elementor-sitemap-item elementor-sitemap-item-product_cat cat-item cat-item-210\"><a href=\"https:\/\/animekeycaps.com\/vi\/collections\/gintama-keycaps\/\">Gintama Keycaps<\/a>\n<\/li>\n\t<li class=\"elementor-sitemap-item elementor-sitemap-item-product_cat cat-item cat-item-198\"><a href=\"https:\/\/animekeycaps.com\/vi\/collections\/gundam-keycaps\/\">Gundam Keycaps<\/a>\n<\/li>\n\t<li class=\"elementor-sitemap-item elementor-sitemap-item-product_cat cat-item cat-item-189\"><a href=\"https:\/\/animekeycaps.com\/vi\/collections\/hatune-miku-keycaps\/\">Hatsune Miku Keycaps<\/a>\n<\/li>\n\t<li class=\"elementor-sitemap-item elementor-sitemap-item-product_cat cat-item cat-item-168\"><a href=\"https:\/\/animekeycaps.com\/vi\/collections\/naruto-keycaps\/\">Naruto Keycaps<\/a>\n<\/li>\n\t<li class=\"elementor-sitemap-item elementor-sitemap-item-product_cat cat-item cat-item-788\"><a href=\"https:\/\/animekeycaps.com\/vi\/collections\/newco1104\/\">newco1104<\/a>\n<\/li>\n\t<li class=\"elementor-sitemap-item elementor-sitemap-item-product_cat cat-item cat-item-157\"><a href=\"https:\/\/animekeycaps.com\/vi\/collections\/keycaps-mot-manh\/\">Keycaps One Piece<\/a>\n<\/li>\n\t<li class=\"elementor-sitemap-item elementor-sitemap-item-product_cat cat-item cat-item-15\"><a href=\"https:\/\/animekeycaps.com\/vi\/collections\/khac\/\">Kh\u00e1c<\/a>\n<\/li>\n\t<li class=\"elementor-sitemap-item elementor-sitemap-item-product_cat cat-item cat-item-154\"><a href=\"https:\/\/animekeycaps.com\/vi\/collections\/pokemon-keycaps\/\">Pokemon Keycaps<\/a>\n<\/li>\n\t<li class=\"elementor-sitemap-item elementor-sitemap-item-product_cat cat-item cat-item-187\"><a href=\"https:\/\/animekeycaps.com\/vi\/collections\/re-zero-keycaps\/\">Re: Zero Keycaps<\/a>\n<\/li>\n\t<li class=\"elementor-sitemap-item elementor-sitemap-item-product_cat cat-item cat-item-218\"><a href=\"https:\/\/animekeycaps.com\/vi\/collections\/rilakkuma-keycaps\/\">Rilakkuma Keycaps<\/a>\n<\/li>\n\t<li class=\"elementor-sitemap-item elementor-sitemap-item-product_cat cat-item cat-item-176\"><a href=\"https:\/\/animekeycaps.com\/vi\/collections\/thuy-thu-mat-trang-keycaps\/\">Sailor Moon Keycaps<\/a>\n<\/li>\n\t<li class=\"elementor-sitemap-item elementor-sitemap-item-product_cat cat-item cat-item-514\"><a href=\"https:\/\/animekeycaps.com\/vi\/collections\/bo-suu-tap-dac-biet\/\">B\u1ed9 s\u01b0u t\u1eadp \u0111\u1eb7c bi\u1ec7t<\/a>\n<\/li>\n\t<li class=\"elementor-sitemap-item elementor-sitemap-item-product_cat cat-item cat-item-182\"><a href=\"https:\/\/animekeycaps.com\/vi\/collections\/sword-art-online-keycaps\/\">Keycaps Sword Art Online<\/a>\n<\/li>\n<\/ul><\/div><div class=\"elementor-sitemap-section\"><h2 class=\"elementor-sitemap-title elementor-sitemap-product_tag-title\">Th\u1ebb s\u1ea3n ph\u1ea9m<\/h2><ul class=\"elementor-sitemap-list elementor-sitemap-product_tag-list\">\t<li class=\"elementor-sitemap-item elementor-sitemap-item-product_tag cat-item cat-item-790\"><a href=\"https:\/\/animekeycaps.com\/vi\/themes\/combo-keycap\/\">Combo Keycap<\/a>\n<\/li>\n\t<li class=\"elementor-sitemap-item elementor-sitemap-item-product_tag cat-item cat-item-789\"><a href=\"https:\/\/animekeycaps.com\/vi\/themes\/custom-keycap\/\">Custom Keycap<\/a>\n<\/li>\n<\/ul><\/div><\/div>\t\t<\/div>\n\t\t\t\t<\/div>\n\t\t\t\t\t<\/div>\n\t\t<\/div>\n\t\t\t\t\t<\/div>\n\t\t<\/section>\n\t\t\t\t<\/div>","protected":false},"excerpt":{"rendered":"<p>S\u01a1 \u0111\u1ed3 trang web<\/p>","protected":false},"author":1,"featured_media":0,"parent":0,"menu_order":0,"comment_status":"closed","ping_status":"closed","template":"template-fullwidth-no-heading.php","meta":{"_acf_changed":false,"footnotes":""},"class_list":null,"acf":[],"_links":{"self":[{"href":"https:\/\/animekeycaps.com\/vi\/wp-json\/wp\/v2\/pages\/6897","targetHints":{"allow":["GET"]}}],"collection":[{"href":"https:\/\/animekeycaps.com\/vi\/wp-json\/wp\/v2\/pages"}],"about":[{"href":"https:\/\/animekeycaps.com\/vi\/wp-json\/wp\/v2\/types\/page"}],"author":[{"embeddable":true,"href":"https:\/\/animekeycaps.com\/vi\/wp-json\/wp\/v2\/users\/1"}],"replies":[{"embeddable":true,"href":"https:\/\/animekeycaps.com\/vi\/wp-json\/wp\/v2\/comments?post=6897"}],"version-history":[{"count":0,"href":"https:\/\/animekeycaps.com\/vi\/wp-json\/wp\/v2\/pages\/6897\/revisions"}],"wp:attachment":[{"href":"https:\/\/animekeycaps.com\/vi\/wp-json\/wp\/v2\/media?parent=6897"}],"curies":[{"name":"wp","href":"https:\/\/api.w.org\/{rel}","templated":true}]}}